{"id":199,"date":"2018-03-20T13:51:35","date_gmt":"2018-03-20T13:51:35","guid":{"rendered":"http:\/\/www.grass-consulting.com\/?page_id=199"},"modified":"2018-05-31T10:32:36","modified_gmt":"2018-05-31T10:32:36","slug":"consulting","status":"publish","type":"page","link":"https:\/\/www.grass-consulting.com\/?page_id=199","title":{"rendered":"Consulting"},"content":{"rendered":"<div   data-size='featured_large'  data-lightbox_size='large'  data-animation='slide'  data-conditional_play=''  data-ids='275'  data-video_counter='0'  data-autoplay='false'  data-bg_slider='false'  data-slide_height=''  data-handle='av_slideshow'  data-interval='5'  data-class=' avia-builder-el-0  el_before_av_one_full  avia-builder-el-first  '  data-el_id=''  data-css_id=''  data-scroll_down=''  data-control_layout='av-control-default'  data-custom_markup=''  data-perma_caption=''  data-autoplay_stopper=''  data-image_attachment=''  data-min_height='0px'  data-lazy_loading='disabled'  data-default-height='42'  class='avia-slideshow avia-slideshow-1  av-control-default av-default-height-applied avia-slideshow-featured_large av_slideshow  avia-builder-el-0  el_before_av_one_full  avia-builder-el-first   avia-slide-slider '  itemprop=\"image\" itemscope=\"itemscope\" itemtype=\"https:\/\/schema.org\/ImageObject\" ><ul class='avia-slideshow-inner ' style='padding-bottom: 42%;' ><li  class=' av-single-slide slide-1 ' ><div data-rel='slideshow-1' class='avia-slide-wrap '   ><img decoding=\"async\" class=\"wp-image-275 avia-img-lazy-loading-not-275\"  src=\"https:\/\/www.grass-consulting.com\/wp-content\/uploads\/2018\/05\/WIA_9873-1500x630.jpg\" width=\"1500\" height=\"630\" title='WIA_9873' alt=''  itemprop=\"thumbnailUrl\"   \/><\/div><\/li><\/ul><\/div>\n<div class=\"flex_column av_one_full  flex_column_div av-zero-column-padding first  avia-builder-el-1  el_after_av_slideshow  el_before_av_one_full  \" style='border-radius:0px; '><p><div  style='padding-bottom:10px; ' class='av-special-heading av-special-heading-h1    avia-builder-el-2  el_before_av_textblock  avia-builder-el-first  '><h1 class='av-special-heading-tag '  itemprop=\"headline\"  >Consulting<\/h1><div class='special-heading-border'><div class='special-heading-inner-border' ><\/div><\/div><\/div><br \/>\n<section class=\"av_textblock_section \"  itemscope=\"itemscope\" itemtype=\"https:\/\/schema.org\/CreativeWork\" ><div class='avia_textblock  '   itemprop=\"text\" ><p>Die Informations- und Kommunikationsbranche ist meine berufliche Heimat. Nicht nur der Stellenwert der ICT in den Unternehmen hat sich ge\u00e4ndert, sondern auch meine Einstellung: Stand am Anfang meines Berufslebens die Technologie im Vordergrund, sind es heute die Menschen und die Prozesse.<br \/>\nDas Datacenter ist der zentrale Punkt meines Portfolios.<\/p>\n<\/div><\/section><\/p><\/div>\n<div class=\"flex_column av_one_full  flex_column_div av-zero-column-padding first  avia-builder-el-4  el_after_av_one_full  el_before_av_heading  column-top-margin\" style='border-radius:0px; '><div   class=\"togglecontainer   toggle_close_all  avia-builder-el-5  avia-builder-el-no-sibling \" >\n<section class=\"av_toggle_section\"  itemscope=\"itemscope\" itemtype=\"https:\/\/schema.org\/CreativeWork\"  >    <div role=\"tablist\" class=\"single_toggle\" data-tags=\"{Alle} \"  >        <p data-fake-id=\"#toggle-id-1\" class=\"toggler \"  itemprop=\"headline\"    role=\"tab\" tabindex=\"0\" aria-controls=\"toggle-id-1\">Babylonische Sprachverwirrung im Datacenter!<span class=\"toggle_icon\" >        <span class=\"vert_icon\"><\/span><span class=\"hor_icon\"><\/span><\/span><\/p>        <div id=\"toggle-id-1\" class=\"toggle_wrap \"   >            <div class=\"toggle_content invers-color \"  itemprop=\"text\"   ><p>Jeder der Beteiligten spricht eine eigene Sprache: der IT-Architekt, der Netzwerkplaner, der Facility-Manager, der Fachbereichsmitarbeiter, der Controller, die Gesch\u00e4ftsleitung, der Kunde, der Business-Partner aber auch der externe Spezialist. Es ist eine Herausforderung an die Verantwortlichen, daf\u00fcr Sorge zu tragen, dass die Anforderungen den tats\u00e4chlichen Bedarf widerspiegeln, die geplanten Investitionen den Bedarf abdecken und die erarbeiteten Vorhaben die Unternehmensziele unterst\u00fctzen. Das \u201eDatacenter\u201c selbst ist ein gutes Beispiel: aus Sicht des Facility-Managers endet es beim Rack, aus Sicht des IT-Architekten beginnt es erst ab dem Rack. Beide haben ein anderes Bild im Kopf!<\/p>\n<p><strong>Um den Dialog zwischen den Bereichen zu verbessern, biete ich folgende Leistungen an<\/strong>:<\/p>\n<ul>\n<li>Moderation von Meetings zwischen Bereichen<\/li>\n<li>Begleitung von Anforderungsdefinitionen, Erstellung von Pflichtenheften, u.\u00e4.<\/li>\n<li>Unterst\u00fctzung bei der Aufbereitung von Entscheidungsvorlagen<\/li>\n<li>Qualit\u00e4ts-Checks<\/li>\n<li>Workshops zur Vertiefung des Know-hows aus anderen Bereichen<\/li>\n<li>Sales- und Marketing-Unterst\u00fctzung f\u00fcr ein erfolgreiches Projektergebnis<\/li>\n<\/ul>\n<p>Eine effektive, zielgerichtete Kommunikation hilft, Projekte erfolgreich zu implementieren, zu steuern, Risiken nicht zu potenzieren, Kosten zu reduzieren, Entscheidungen herbeizuf\u00fchren und die Qualit\u00e4t zu steigern. Fordern Sie mich heraus!<\/p>\n            <\/div>        <\/div>    <\/div><\/section>\n<section class=\"av_toggle_section\"  itemscope=\"itemscope\" itemtype=\"https:\/\/schema.org\/CreativeWork\"  >    <div role=\"tablist\" class=\"single_toggle\" data-tags=\"{Alle} \"  >        <p data-fake-id=\"#toggle-id-2\" class=\"toggler \"  itemprop=\"headline\"    role=\"tab\" tabindex=\"0\" aria-controls=\"toggle-id-2\">Das ICT-Betriebskonzept f\u00fcr die n\u00e4chsten Jahre!<span class=\"toggle_icon\" >        <span class=\"vert_icon\"><\/span><span class=\"hor_icon\"><\/span><\/span><\/p>        <div id=\"toggle-id-2\" class=\"toggle_wrap \"   >            <div class=\"toggle_content invers-color \"  itemprop=\"text\"   ><p>Ein wirtschaftliches, sicheres, zukunftsweisendes, flexibles und nachhaltiges<strong>\u00a0Betriebskonzept<\/strong>\u00a0ist die Basis der ICT Ihres Unternehmens. Auf dem Markt finden Sie vielf\u00e4ltige L\u00f6sungen und Angebote: Make or Buy, Outsourcing, Outtasking, Sourcing, Managed Services, Hosting Services, Housing Services, Colocation Services, Cloud-Services, Insourcing, verteilte Systeme, u.a.m. Neben der Wahl der geeigneten L\u00f6sung und der Definition der Anforderungen ist auch die Auswahl der geeigneten Serviceanbieter eine Herausforderung, da es keine einheitlichen und daher vergleichbaren Leistungsangebote gibt. Hinzu kommt die Entscheidung, wo Sie Ihre Daten verarbeiten m\u00f6chten.<\/p>\n<p><strong>Mein Leistungsangebot umfasst:<\/strong><\/p>\n<ul>\n<li>Unterst\u00fctzung im organisatorischen Vorfeld derartiger Projekte, wie z.B. durch Workshops zur Schaffung einer Markttransparenz Analysen (Ist-, Risiko-, Schwachstellen-, Anforderungsanalysen) sowie Anforderungsmanagement<\/li>\n<li>Unterst\u00fctzung bei den Ausschreibungsprozessen hinsichtlich Anforderungsevaluation, Bewertungskriterien, Providerauswahl und Providermanagement, Vertrags- und SLA-Verhandlungen<\/li>\n<li>Gutachten \u00fcber Datacenter\/RZ-R\u00e4ume<\/li>\n<li>Begleitung bei der Umsetzung<\/li>\n<li>Unterst\u00fctzung bei der Definition und Implementierung der Konzepte und Prozesse<\/li>\n<li>Weiterentwicklung von Betriebskonzepten hinsichtlich Verf\u00fcgbarkeit, Sicherheit, Marktf\u00e4higkeit und Effizienz<\/li>\n<\/ul>\n<p>Viele nationale und internationale Datacenter kenne ich aus eigener Erfahrung, sei es durch Datacenter-Audits, durch Gutachten, durch eine Providerauswahl oder durch Site-Touren zur Verbesserung meiner Markt-Kenntnisse. Sparen Sie Ihre Zeit und profitieren von meinem Know-how.<\/p>\n            <\/div>        <\/div>    <\/div><\/section>\n<section class=\"av_toggle_section\"  itemscope=\"itemscope\" itemtype=\"https:\/\/schema.org\/CreativeWork\"  >    <div role=\"tablist\" class=\"single_toggle\" data-tags=\"{Alle} \"  >        <p data-fake-id=\"#toggle-id-3\" class=\"toggler \"  itemprop=\"headline\"    role=\"tab\" tabindex=\"0\" aria-controls=\"toggle-id-3\">Ohne Normen geht es nicht!<span class=\"toggle_icon\" >        <span class=\"vert_icon\"><\/span><span class=\"hor_icon\"><\/span><\/span><\/p>        <div id=\"toggle-id-3\" class=\"toggle_wrap \"   >            <div class=\"toggle_content invers-color \"  itemprop=\"text\"   ><p>Um die ICT an den unternehmensspezifischen, den rechtlichen sowie den marktg\u00e4ngigen Normen auszurichten, gibt es eine Vielzahl von Regelungen, Empfehlungen und Vorgehensweisen. Einige der gel\u00e4ufigen Schlagworte sind IT-Governance, IT-Compliance, IT-Risikomanagement, Hochverf\u00fcgbarkeitsl\u00f6sungen, Tier-Stufen, Zertifizierungen, Audits, u.v.m.. Wichtig ist, dass Sie die f\u00fcr Ihr Unternehmen angemessene, ausgewogene, wirtschaftlich vertretbare und praktikable L\u00f6sung finden.<\/p>\n<p><strong>Folgende Beratungsleistungen k\u00f6nnen Sie von mir beziehen:<\/strong><\/p>\n<ul>\n<li>Beratung bei der IT-Governance: Konzeption, Wirtschaftlichkeitsaspekte, Umsetzung, interne Vermarktung sowie regelm\u00e4\u00dfige Kontroll-Checks<\/li>\n<li>Matrix der relevanten Anforderungen, Gesetze und Vorgaben (IT-Compliance)<\/li>\n<li>Unterst\u00fctzung des IT-Risikomanagement-Projekts<\/li>\n<li>Fachlicher Input zur Datacenter-Terminologie<\/li>\n<li>Entwicklung von Verf\u00fcgbarkeitskonzepten, die aus den IT-Governance-Anforderungen resultieren inkl. wirtschaftlicher Betrachtung<\/li>\n<li>Notfallplanungen sowie Business Continuity Konzepte<\/li>\n<li>Unterst\u00fctzung bei den Prozess-Planungen und -Einf\u00fchrungen sowie Qualit\u00e4tssicherungsma\u00dfnahmen<\/li>\n<li>Beratung bei der Auswahl der Methoden, Vorgehensweisen, Zertifizierungen, Audits und Tools sowie anschlie\u00dfender Begleitung<\/li>\n<\/ul>\n<p>Ich erarbeite mit Ihnen pragmatische L\u00f6sungen!<\/p>\n            <\/div>        <\/div>    <\/div><\/section>\n<section class=\"av_toggle_section\"  itemscope=\"itemscope\" itemtype=\"https:\/\/schema.org\/CreativeWork\"  >    <div role=\"tablist\" class=\"single_toggle\" data-tags=\"{Alle} \"  >        <p data-fake-id=\"#toggle-id-4\" class=\"toggler \"  itemprop=\"headline\"    role=\"tab\" tabindex=\"0\" aria-controls=\"toggle-id-4\">Fitness-Check f\u00fcr Ihr Rechenzentrum<span class=\"toggle_icon\" >        <span class=\"vert_icon\"><\/span><span class=\"hor_icon\"><\/span><\/span><\/p>        <div id=\"toggle-id-4\" class=\"toggle_wrap \"   >            <div class=\"toggle_content invers-color \"  itemprop=\"text\"   ><p>Die Anforderungen an Rechenzentren werden weiter steigen. Aufgrund der Ver\u00e4nderungen in der Nutzung der ICT \u00fcberall und f\u00fcr alles werden sowohl die Datenmengen als auch die Anforderungen an die Bandbreiten steigen. Die neuen Technologien sowie Nachhaltigkeits- und Effizienzanforderungen und sich \u00e4ndernde Verf\u00fcgbarkeits- und Sicherheitsvorgaben erfordern eine \u00dcberpr\u00fcfung der Ist-Situation.<\/p>\n<p><strong>Mein Portfolio beinhaltet:<\/strong><\/p>\n<ul>\n<li>Analyse und Optimierung von Rechenzentren<\/li>\n<li>Standortanalysen, Gutachten<\/li>\n<li>Abgleich der Anforderungen aus dem Risikomanagement mit der Ist-Situation sowie Ma\u00dfnahmen-Planungen<\/li>\n<li>RZ-Konsolidierung<\/li>\n<li>Verf\u00fcgbarkeitsanalysen<\/li>\n<li>RZ-Planung und RZ-Aufbau<\/li>\n<li>Entwicklung von Nachhaltigkeitskonzepten<\/li>\n<li>Energie-Effizienz-Betrachtungen sowie Entwicklung von Konzepten zur Steigerung der Energieeffizienz<\/li>\n<li>Vorbereitung und Unterst\u00fctzung von Audits<\/li>\n<li>RZ-Kosten-Analyse<\/li>\n<\/ul>\n<p>Je nach Komplexit\u00e4t dieser Themen arbeite ich mit RZ-Planern, Architekten und Netzwerkspezialisten zusammen.<\/p>\n            <\/div>        <\/div>    <\/div><\/section>\n<section class=\"av_toggle_section\"  itemscope=\"itemscope\" itemtype=\"https:\/\/schema.org\/CreativeWork\"  >    <div role=\"tablist\" class=\"single_toggle\" data-tags=\"{Alle} \"  >        <p data-fake-id=\"#toggle-id-5\" class=\"toggler \"  itemprop=\"headline\"    role=\"tab\" tabindex=\"0\" aria-controls=\"toggle-id-5\">DCIM \u2260 DCIM<span class=\"toggle_icon\" >        <span class=\"vert_icon\"><\/span><span class=\"hor_icon\"><\/span><\/span><\/p>        <div id=\"toggle-id-5\" class=\"toggle_wrap \"   >            <div class=\"toggle_content invers-color \"  itemprop=\"text\"   ><p>2014 habe ich eine Markt\u00fcbersicht und Orientierungshilfe \u00fcber den DCIM-Markt (<strong>D<\/strong>ata<strong>c<\/strong>enter\u00a0<strong>I<\/strong>nfrastructure\u00a0<strong>M<\/strong>anagement) erstellt, die als White Paper vom eco e.V. ver\u00f6ffentlicht wurde und dort kostenlos angefordert werden kann (datacenter.eco.de). Das Res\u00fcmee: DCIM \u2260 DCIM, sowohl aus Kunden- als auch aus Lieferantensicht.<\/p>\n<p><strong>Mein Portfolio beinhaltet:<\/strong><\/p>\n<ul>\n<li>Unterst\u00fctzung bei der Definition \u201eWas bedeutet DCIM in meinem Unternehmen?\u201c<\/li>\n<li>Definition der Anforderungen an eine DCIM-L\u00f6sung<\/li>\n<li>Unterst\u00fctzung w\u00e4hrend des Auswahl- und Ausschreibungsverfahrens<\/li>\n<li>Begleitung bei der DCIM-Einf\u00fchrung (Konzepte zur Einf\u00fchrung, Datenmigration, Rollout in die unterschiedlichen Standorte, interne Trainings, Vorgaben f\u00fcr Erweiterungen\/Schnittstellen, u.a.m.)<\/li>\n<li>Moderation von User-Gruppen<\/li>\n<li>Externer Consultant bei der Tool-Entwicklung<\/li>\n<\/ul>\n<p>Eine DCIM-Einf\u00fchrung stellt ein Unternehmen vor eine komplexe Aufgabe. Es kann das ERP f\u00fcr Ihre ICT sein und sollte in Teilschritten eingef\u00fchrt werden, basierend auf einem gesamtheitlichen Ansatz. Nutzen Sie hier meine Erfahrungen aus zahlreichen Projekten vor meiner \u201eDatacenter\u201c-Zeit.<\/p>\n            <\/div>        <\/div>    <\/div><\/section>\n<section class=\"av_toggle_section\"  itemscope=\"itemscope\" itemtype=\"https:\/\/schema.org\/CreativeWork\"  >    <div role=\"tablist\" class=\"single_toggle\" data-tags=\"{Alle} \"  >        <p data-fake-id=\"#toggle-id-6\" class=\"toggler \"  itemprop=\"headline\"    role=\"tab\" tabindex=\"0\" aria-controls=\"toggle-id-6\">Weitere Beratungsleistungen im ICT-Umfeld<span class=\"toggle_icon\" >        <span class=\"vert_icon\"><\/span><span class=\"hor_icon\"><\/span><\/span><\/p>        <div id=\"toggle-id-6\" class=\"toggle_wrap \"   >            <div class=\"toggle_content invers-color \"  itemprop=\"text\"   ><ul>\n<li>Prozess- und Organisationsberatung inkl. Kosten- und Nutzenanalysen<\/li>\n<li>Ma\u00dfnahmen-Planungen sowie Anforderungsmanagement<\/li>\n<li>ICT-Ausschreibungen und Vergabebegleitung<\/li>\n<li>ICT-Personalbemessung<\/li>\n<li>Moderation, Coaching<\/li>\n<\/ul>\n<p><strong>Vermissen Sie eine Beratungsleistung?<\/strong><br \/>\nDann sprechen Sie mich doch bitte an. Grunds\u00e4tzlich biete ich meine Expertise umf\u00e4nglich an. Ausgenommen sind exklusive Sales-Aufgaben f\u00fcr ein Unternehmen<\/p>\n            <\/div>        <\/div>    <\/div><\/section>\n<\/div><\/div>\n<div  style='padding-bottom:10px; color:#00686c;' class='av-special-heading av-special-heading-h3 custom-color-heading   avia-builder-el-6  el_after_av_one_full  el_before_av_hr  '><h3 class='av-special-heading-tag '  itemprop=\"headline\"  >Weitere Leistungen<\/h3><div class='special-heading-border'><div class='special-heading-inner-border' style='border-color:#00686c'><\/div><\/div><\/div>\n<div  style='height:50px' class='hr hr-invisible   avia-builder-el-7  el_after_av_heading  el_before_av_one_half '><span class='hr-inner ' ><span class='hr-inner-style'><\/span><\/span><\/div>\n<div class=\"flex_column av_one_half  flex_column_div av-zero-column-padding first  avia-builder-el-8  el_after_av_hr  el_before_av_one_half  \" style='border-radius:0px; '><article  class=\"iconbox iconbox_left    avia-builder-el-9  avia-builder-el-no-sibling  \"  itemscope=\"itemscope\" itemtype=\"https:\/\/schema.org\/CreativeWork\" ><div class=\"iconbox_content\"><header class=\"entry-content-header\"><div class=\"iconbox_icon heading-color\" aria-hidden='true' data-av_icon='\ue859' data-av_iconfont='entypo-fontello'  ><\/div><h3 class='iconbox_content_title  '  itemprop=\"headline\"  ><a href='https:\/\/www.grass-consulting.com\/?page_id=168' title='Sales- und Marketing-Services'  >Sales- und Marketing-Services<\/a><\/h3><\/header><div class='iconbox_content_container  '  itemprop=\"text\"  ><\/div><\/div><footer class=\"entry-footer\"><\/footer><\/article><\/div>\n<div class=\"flex_column av_one_half  flex_column_div av-zero-column-padding   avia-builder-el-10  el_after_av_one_half  el_before_av_one_half  \" style='border-radius:0px; '><article  class=\"iconbox iconbox_left    avia-builder-el-11  avia-builder-el-no-sibling  \"  itemscope=\"itemscope\" itemtype=\"https:\/\/schema.org\/CreativeWork\" ><div class=\"iconbox_content\"><header class=\"entry-content-header\"><div class=\"iconbox_icon heading-color\" aria-hidden='true' data-av_icon='\ue8c7' data-av_iconfont='entypo-fontello'  ><\/div><h3 class='iconbox_content_title  '  itemprop=\"headline\"  ><a href='https:\/\/www.grass-consulting.com\/?page_id=195' title='Business Development'  >Business Development<\/a><\/h3><\/header><div class='iconbox_content_container  '  itemprop=\"text\"  ><\/div><\/div><footer class=\"entry-footer\"><\/footer><\/article><\/div>\n<div class=\"flex_column av_one_half  flex_column_div av-zero-column-padding first  avia-builder-el-12  el_after_av_one_half  avia-builder-el-last  column-top-margin\" style='border-radius:0px; '><article  class=\"iconbox iconbox_left    avia-builder-el-13  avia-builder-el-no-sibling  \"  itemscope=\"itemscope\" itemtype=\"https:\/\/schema.org\/CreativeWork\" ><div class=\"iconbox_content\"><header class=\"entry-content-header\"><div class=\"iconbox_icon heading-color\" aria-hidden='true' data-av_icon='\ue857' data-av_iconfont='entypo-fontello'  ><\/div><h3 class='iconbox_content_title  '  itemprop=\"headline\"  ><a href='http:\/\/grass-events.com\/' title='Grass Events'  >Grass Events<\/a><\/h3><\/header><div class='iconbox_content_container  '  itemprop=\"text\"  ><\/div><\/div><footer class=\"entry-footer\"><\/footer><\/article><\/div>\n","protected":false},"excerpt":{"rendered":"","protected":false},"author":1,"featured_media":0,"parent":0,"menu_order":0,"comment_status":"closed","ping_status":"closed","template":"","meta":{"footnotes":""},"class_list":["post-199","page","type-page","status-publish","hentry"],"_links":{"self":[{"href":"https:\/\/www.grass-consulting.com\/index.php?rest_route=\/wp\/v2\/pages\/199","targetHints":{"allow":["GET"]}}],"collection":[{"href":"https:\/\/www.grass-consulting.com\/index.php?rest_route=\/wp\/v2\/pages"}],"about":[{"href":"https:\/\/www.grass-consulting.com\/index.php?rest_route=\/wp\/v2\/types\/page"}],"author":[{"embeddable":true,"href":"https:\/\/www.grass-consulting.com\/index.php?rest_route=\/wp\/v2\/users\/1"}],"replies":[{"embeddable":true,"href":"https:\/\/www.grass-consulting.com\/index.php?rest_route=%2Fwp%2Fv2%2Fcomments&post=199"}],"version-history":[{"count":7,"href":"https:\/\/www.grass-consulting.com\/index.php?rest_route=\/wp\/v2\/pages\/199\/revisions"}],"predecessor-version":[{"id":276,"href":"https:\/\/www.grass-consulting.com\/index.php?rest_route=\/wp\/v2\/pages\/199\/revisions\/276"}],"wp:attachment":[{"href":"https:\/\/www.grass-consulting.com\/index.php?rest_route=%2Fwp%2Fv2%2Fmedia&parent=199"}],"curies":[{"name":"wp","href":"https:\/\/api.w.org\/{rel}","templated":true}]}}