{"id":195,"date":"2018-03-20T13:08:21","date_gmt":"2018-03-20T13:08:21","guid":{"rendered":"http:\/\/www.grass-consulting.com\/?page_id=195"},"modified":"2018-06-07T08:00:11","modified_gmt":"2018-06-07T08:00:11","slug":"business-development","status":"publish","type":"page","link":"https:\/\/www.grass-consulting.com\/?page_id=195","title":{"rendered":"Business Development"},"content":{"rendered":"<div   data-size='featured_large'  data-lightbox_size='large'  data-animation='slide'  data-conditional_play=''  data-ids='196'  data-video_counter='0'  data-autoplay='false'  data-bg_slider='false'  data-slide_height=''  data-handle='av_slideshow'  data-interval='5'  data-class=' avia-builder-el-0  el_before_av_one_full  avia-builder-el-first  '  data-el_id=''  data-css_id=''  data-scroll_down=''  data-control_layout='av-control-default'  data-custom_markup=''  data-perma_caption=''  data-autoplay_stopper=''  data-image_attachment=''  data-min_height='0px'  data-lazy_loading='disabled'  data-default-height='42'  class='avia-slideshow avia-slideshow-1  av-control-default av-default-height-applied avia-slideshow-featured_large av_slideshow  avia-builder-el-0  el_before_av_one_full  avia-builder-el-first   avia-slide-slider '  itemprop=\"image\" itemscope=\"itemscope\" itemtype=\"https:\/\/schema.org\/ImageObject\" ><ul class='avia-slideshow-inner ' style='padding-bottom: 42%;' ><li  class=' av-single-slide slide-1 ' ><div data-rel='slideshow-1' class='avia-slide-wrap '   ><img decoding=\"async\" class=\"wp-image-196 avia-img-lazy-loading-not-196\"  src=\"https:\/\/www.grass-consulting.com\/wp-content\/uploads\/2018\/03\/WIA_9374-1500x630.jpg\" width=\"1500\" height=\"630\" title='WIA_9374' alt=''  itemprop=\"thumbnailUrl\"   \/><\/div><\/li><\/ul><\/div>\n<div class=\"flex_column av_one_full  flex_column_div av-zero-column-padding first  avia-builder-el-1  el_after_av_slideshow  el_before_av_one_full  \" style='border-radius:0px; '><p><div  style='padding-bottom:10px; ' class='av-special-heading av-special-heading-h1    avia-builder-el-2  el_before_av_textblock  avia-builder-el-first  '><h1 class='av-special-heading-tag '  itemprop=\"headline\"  >Business Development<\/h1><div class='special-heading-border'><div class='special-heading-inner-border' ><\/div><\/div><\/div><br \/>\n<section class=\"av_textblock_section \"  itemscope=\"itemscope\" itemtype=\"https:\/\/schema.org\/CreativeWork\" ><div class='avia_textblock  '   itemprop=\"text\" ><p>Es gibt nicht \u201edas eine\u201c Erfolgsrezept. Der richtige Zeitpunkt, der richtige Ort, die richtigen Leute, die richtigen Entscheidungen \u2026 zahlreiche Faktoren m\u00fcssen passen. Oftmals sind es viele unwichtig erscheinende Kleinigkeiten, die stimmen m\u00fcssen. Nutzen Sie meine Erfahrung und gehen Sie mit mir kreative, unkonventionelle Wege!<\/p>\n<\/div><\/section><\/p><\/div>\n<div class=\"flex_column av_one_full  flex_column_div av-zero-column-padding first  avia-builder-el-4  el_after_av_one_full  el_before_av_heading  column-top-margin\" style='border-radius:0px; '><div   class=\"togglecontainer   toggle_close_all  avia-builder-el-5  avia-builder-el-no-sibling \" >\n<section class=\"av_toggle_section\"  itemscope=\"itemscope\" itemtype=\"https:\/\/schema.org\/CreativeWork\"  >    <div role=\"tablist\" class=\"single_toggle\" data-tags=\"{Alle} \"  >        <p data-fake-id=\"#toggle-id-1\" class=\"toggler \"  itemprop=\"headline\"    role=\"tab\" tabindex=\"0\" aria-controls=\"toggle-id-1\">Knoten l\u00f6sen<span class=\"toggle_icon\" >        <span class=\"vert_icon\"><\/span><span class=\"hor_icon\"><\/span><\/span><\/p>        <div id=\"toggle-id-1\" class=\"toggle_wrap \"   >            <div class=\"toggle_content invers-color \"  itemprop=\"text\"   ><p>Sie kennen das sicher bereits: Gedankliche Knoten lassen sich oftmals l\u00f6sen, indem Sie das Thema mit einem Dritten diskutieren. Gerne begleite ich Sie bei Weiterentwicklungen und neuen Ans\u00e4tzen, wie z.B. Unternehmensausrichtung, Entwicklung oder Strukturierung neuer L\u00f6sungen und Produkte, gebe Ihnen Anregungen aus dem Markt, diskutiere mit Ihnen komplexe Kundensituationen und unterst\u00fctze Sie in der Qualit\u00e4tssicherung von Vertrieb und Marketing. Fordern Sie mich als Sparring-Partner!<\/p>\n            <\/div>        <\/div>    <\/div><\/section>\n<section class=\"av_toggle_section\"  itemscope=\"itemscope\" itemtype=\"https:\/\/schema.org\/CreativeWork\"  >    <div role=\"tablist\" class=\"single_toggle\" data-tags=\"{Alle} \"  >        <p data-fake-id=\"#toggle-id-2\" class=\"toggler \"  itemprop=\"headline\"    role=\"tab\" tabindex=\"0\" aria-controls=\"toggle-id-2\">Expansion...Analyse, Konzepte, Pl\u00e4ne!<span class=\"toggle_icon\" >        <span class=\"vert_icon\"><\/span><span class=\"hor_icon\"><\/span><\/span><\/p>        <div id=\"toggle-id-2\" class=\"toggle_wrap \"   >            <div class=\"toggle_content invers-color \"  itemprop=\"text\"   ><ul>\n<li>Sie denken \u00fcber den Ausbau neuer oder die Neuausrichtung existierender Gesch\u00e4ftsfelder nach?<\/li>\n<li>Sie planen einen neuen Standort?<\/li>\n<li>Sie planen einen Markteintritt in Deutschland?<\/li>\n<li>Sie suchen Partner?<\/li>\n<\/ul>\n<p>Wenn das Datacenter-Umfeld (i.w.S.) tangiert ist, unterst\u00fctze ich Sie gern.<br \/>\nLeistungen k\u00f6nnen sein:<\/p>\n<ul>\n<li>Informationsbeschaffung und Dokumentation<\/li>\n<li>Vorbereitung von Entscheidungsunterlagen und Business-Pl\u00e4nen<\/li>\n<li>Aufbereitung von Services<\/li>\n<li>Partner-Recherchen<\/li>\n<li>Qualit\u00e4ts- und Plausibilit\u00e4tschecks<\/li>\n<li>Ist-Situation-Erhebung und Analyse<\/li>\n<\/ul>\n<ul>\n<li>Gesch\u00e4ftsanalyse von Mitbewerbern, Zielmarkt- und Idealkundenanalyse, Partnerschaftskonzepte<\/li>\n<li>Analyse und Optimierung von Organisationsstrukturen und Gesch\u00e4ftsprozessen<\/li>\n<li>Kunden-, Standort-, Mitbewerber-Analyse \u2013 auch standortbezogen<\/li>\n<li>Benchmarking<\/li>\n<\/ul>\n<ul>\n<li>Herausarbeitung von marktrelevanten Differenzierungsmerkmalen<\/li>\n<li>Systematische Identifikation und Entwicklung neuer Marktchancen<\/li>\n<li>Entwickeln von Marketing- und Vertriebskonzepten, Planung von Ma\u00dfnahmen<\/li>\n<li>Entwickeln von L\u00f6sungspaketen f\u00fcr unterschiedliche Zielgruppen, Zielm\u00e4rkte und Standorte<\/li>\n<\/ul>\n<p>Der Datacenter-Markt ist ein Wachstumsmarkt. Wachsen Sie durch einen Vorsprung an Wissen!<br \/>\nDie Methoden und Vorgehensweisen werde ich situativ vorschlagen, der Einstieg ist \u00fcblicherweise ein Work-Shop. Nach meiner Erfahrung die ideale Vorgehensweise f\u00fcr den Einstieg in eine Zusammenarbeit. Wir haben die Chance uns zu beschnuppern.<\/p>\n<p>.<\/p>\n            <\/div>        <\/div>    <\/div><\/section>\n<section class=\"av_toggle_section\"  itemscope=\"itemscope\" itemtype=\"https:\/\/schema.org\/CreativeWork\"  >    <div role=\"tablist\" class=\"single_toggle\" data-tags=\"{Alle} \"  >        <p data-fake-id=\"#toggle-id-3\" class=\"toggler \"  itemprop=\"headline\"    role=\"tab\" tabindex=\"0\" aria-controls=\"toggle-id-3\">Lexikon-Wissen ist out!<span class=\"toggle_icon\" >        <span class=\"vert_icon\"><\/span><span class=\"hor_icon\"><\/span><\/span><\/p>        <div id=\"toggle-id-3\" class=\"toggle_wrap \"   >            <div class=\"toggle_content invers-color \"  itemprop=\"text\"   ><p>Ihre Strategien und L\u00f6sungen n\u00fctzen Ihnen nur, wenn der Markt sie auch kennt und bewusst wahrnimmt. Dies sind neben den eigenen Mitarbeitern auch Ihre Partner und potentiellen Kunden. Mit einer zielgerichteten und zeitlich perfekten Kommunikation sind Sie auf der Zielgeraden.<\/p>\n<p>Daf\u00fcr biete ich unterst\u00fctzend\u00a0<strong>Schulungen<\/strong>\u00a0und\u00a0<strong>Workshops<\/strong>\u00a0an.<br \/>\nDazu z\u00e4hle ich auch die Erstellung von Schulungskonzepten und Unterlagen, die Planung des Know-how-Roll-Outs und die Durchf\u00fchrung der Trainings. Dabei achte ich besonders darauf, dass gruppengerechte Argumentationen und praxisrelevante Empfehlungen enthalten sind.<\/p>\n<p><strong>Mein Tipp:<\/strong>\u00a0Bevor Sie Ihren Mitarbeitern ein neues T\u00e4tigkeitsumfeld \u00fcbertragen, empfehle ich, sie mit den Begriffen, Trends, Regelungen und sonstigen Besonderheiten des neuen Bereichs vertraut zu machen.<\/p>\n            <\/div>        <\/div>    <\/div><\/section>\n<section class=\"av_toggle_section\"  itemscope=\"itemscope\" itemtype=\"https:\/\/schema.org\/CreativeWork\"  >    <div role=\"tablist\" class=\"single_toggle\" data-tags=\"{Alle} \"  >        <p data-fake-id=\"#toggle-id-4\" class=\"toggler \"  itemprop=\"headline\"    role=\"tab\" tabindex=\"0\" aria-controls=\"toggle-id-4\">Controlling der Planung!<span class=\"toggle_icon\" >        <span class=\"vert_icon\"><\/span><span class=\"hor_icon\"><\/span><\/span><\/p>        <div id=\"toggle-id-4\" class=\"toggle_wrap \"   >            <div class=\"toggle_content invers-color \"  itemprop=\"text\"   ><p>Steuern Sie Ihre Ma\u00dfnahmen und Aktionen durch ein passgenaues Controlling.\u00a0 So k\u00f6nnen Sie \u00fcberpr\u00fcfen, ob die Umsetzung der geplanten T\u00e4tigkeiten auch zu dem gew\u00fcnschten Erfolg f\u00fchrt oder ob Anpassungen erforderlich sind. Neben der Erstellung des Controlling-Konzeptes biete ich Reviews und Qualit\u00e4tschecks an.<\/p>\n<p>Die richtige Justierung ist der Schl\u00fcssel zum Erfolg!<\/p>\n            <\/div>        <\/div>    <\/div><\/section>\n<section class=\"av_toggle_section\"  itemscope=\"itemscope\" itemtype=\"https:\/\/schema.org\/CreativeWork\"  >    <div role=\"tablist\" class=\"single_toggle\" data-tags=\"{Alle} \"  >        <p data-fake-id=\"#toggle-id-5\" class=\"toggler \"  itemprop=\"headline\"    role=\"tab\" tabindex=\"0\" aria-controls=\"toggle-id-5\">Spotting!<span class=\"toggle_icon\" >        <span class=\"vert_icon\"><\/span><span class=\"hor_icon\"><\/span><\/span><\/p>        <div id=\"toggle-id-5\" class=\"toggle_wrap \"   >            <div class=\"toggle_content invers-color \"  itemprop=\"text\"   ><p><strong>Markt- und Wettbewerbsbeobachtungen\u00a0<\/strong>geh\u00f6ren nach meiner Erfahrung zu den wichtigen, kontinuierliche Aufgaben, die in vielen Unternehmen nicht systematisch wahrgenommen werden. Durch meine Pr\u00e4senz bei vielen Veranstaltungen, Unternehmen, Vortr\u00e4gen sowie meine Neutralit\u00e4t, kann ich diese Aufgabe als Externe f\u00fcr Sie \u00fcbernehmen oder aber einen Ihrer Mitarbeiter entsprechend qualifizieren.<\/p>\n<p>Nutzen Sie ein gezieltes Spotting f\u00fcr Ihr Unternehmen!.<\/p>\n            <\/div>        <\/div>    <\/div><\/section>\n<section class=\"av_toggle_section\"  itemscope=\"itemscope\" itemtype=\"https:\/\/schema.org\/CreativeWork\"  >    <div role=\"tablist\" class=\"single_toggle\" data-tags=\"{Alle} \"  >        <p data-fake-id=\"#toggle-id-6\" class=\"toggler \"  itemprop=\"headline\"    role=\"tab\" tabindex=\"0\" aria-controls=\"toggle-id-6\">Paperwork<span class=\"toggle_icon\" >        <span class=\"vert_icon\"><\/span><span class=\"hor_icon\"><\/span><\/span><\/p>        <div id=\"toggle-id-6\" class=\"toggle_wrap \"   >            <div class=\"toggle_content invers-color \"  itemprop=\"text\"   ><p>Die Erstellung von technisch orientierten Unterlagen, die Ausarbeitung von Orientierungshilfen, die Erarbeitung von kundenorientierten Frageb\u00f6gen und auch Award-Bewerbungen bed\u00fcrfen mehr als rein technischen oder marketing-orientierten Input. Technik und Marketing haben dabei oft unterschiedliche Vorstellungen. Seit ich j\u00e4hrlich Award-Bewerbungen lese und beurteile, hat sich mein Blick gesch\u00e4rft. Lassen Sie sich unterst\u00fctzen. Bedarfsorientiert arbeite ich hier mit Partnern zusammen.<\/p>\n            <\/div>        <\/div>    <\/div><\/section>\n<section class=\"av_toggle_section\"  itemscope=\"itemscope\" itemtype=\"https:\/\/schema.org\/CreativeWork\"  >    <div role=\"tablist\" class=\"single_toggle\" data-tags=\"{Alle} \"  >        <p data-fake-id=\"#toggle-id-7\" class=\"toggler \"  itemprop=\"headline\"    role=\"tab\" tabindex=\"0\" aria-controls=\"toggle-id-7\">Vertr\u00e4ge<span class=\"toggle_icon\" >        <span class=\"vert_icon\"><\/span><span class=\"hor_icon\"><\/span><\/span><\/p>        <div id=\"toggle-id-7\" class=\"toggle_wrap \"   >            <div class=\"toggle_content invers-color \"  itemprop=\"text\"   ><p>Ja, Vertragsgestaltung ist Aufgabe der Juristen.<\/p>\n<p>Sind Sie daran interessiert, dass Ihre Dienstleistungs- und Servicevertr\u00e4ge kundenorientiert sind? Ich bin sicher, Sie erlangen dadurch einen Wettbewerbsvorteil.<\/p>\n<p>Ich analysiere Ihre Vertr\u00e4ge unter den Aspekten Kundenverst\u00e4ndlichkeit, Kundenakzeptanz sowie Kundenanforderung. Aus meiner Sicht m\u00fcssen Vertr\u00e4ge so sein, dass jeder Vertragspartner diese verstehen kann, ohne einen juristischen Dolmetscher!<\/p>\n            <\/div>        <\/div>    <\/div><\/section>\n<section class=\"av_toggle_section\"  itemscope=\"itemscope\" itemtype=\"https:\/\/schema.org\/CreativeWork\"  >    <div role=\"tablist\" class=\"single_toggle\" data-tags=\"{Alle} \"  >        <p data-fake-id=\"#toggle-id-8\" class=\"toggler \"  itemprop=\"headline\"    role=\"tab\" tabindex=\"0\" aria-controls=\"toggle-id-8\">Mehr Business Development?<span class=\"toggle_icon\" >        <span class=\"vert_icon\"><\/span><span class=\"hor_icon\"><\/span><\/span><\/p>        <div id=\"toggle-id-8\" class=\"toggle_wrap \"   >            <div class=\"toggle_content invers-color \"  itemprop=\"text\"   ><p>W\u00fcnschen Sie eine andere Business Development Unterst\u00fctzung?<\/p>\n<p>\u00dcber Ihre\u00a0<a title=\"Kontakt\" href=\"http:\/\/www.grass-cm.de\/contact\/\">Kontaktaufnahme<\/a>\u00a0freue ich mich. Lassen Sie uns gemeinsam eruieren, ob und wie ich Sie wirkungsvoll unterst\u00fctzen kann.<\/p>\n            <\/div>        <\/div>    <\/div><\/section>\n<\/div><\/div>\n<div  style='padding-bottom:10px; color:#00686c;' class='av-special-heading av-special-heading-h3 custom-color-heading   avia-builder-el-6  el_after_av_one_full  el_before_av_hr  '><h3 class='av-special-heading-tag '  itemprop=\"headline\"  >Weitere Leistungen<\/h3><div class='special-heading-border'><div class='special-heading-inner-border' style='border-color:#00686c'><\/div><\/div><\/div>\n<div  style='height:50px' class='hr hr-invisible   avia-builder-el-7  el_after_av_heading  el_before_av_one_half '><span class='hr-inner ' ><span class='hr-inner-style'><\/span><\/span><\/div>\n<div class=\"flex_column av_one_half  flex_column_div av-zero-column-padding first  avia-builder-el-8  el_after_av_hr  el_before_av_one_half  \" style='border-radius:0px; '><article  class=\"iconbox iconbox_left    avia-builder-el-9  avia-builder-el-no-sibling  \"  itemscope=\"itemscope\" itemtype=\"https:\/\/schema.org\/CreativeWork\" ><div class=\"iconbox_content\"><header class=\"entry-content-header\"><div class=\"iconbox_icon heading-color\" aria-hidden='true' data-av_icon='\ue83c' data-av_iconfont='entypo-fontello'  ><\/div><h3 class='iconbox_content_title  '  itemprop=\"headline\"  ><a href='https:\/\/www.grass-consulting.com\/?page_id=199' title='Consulting'  >Consulting<\/a><\/h3><\/header><div class='iconbox_content_container  '  itemprop=\"text\"  ><\/div><\/div><footer class=\"entry-footer\"><\/footer><\/article><\/div>\n<div class=\"flex_column av_one_half  flex_column_div av-zero-column-padding   avia-builder-el-10  el_after_av_one_half  el_before_av_one_half  \" style='border-radius:0px; '><article  class=\"iconbox iconbox_left    avia-builder-el-11  avia-builder-el-no-sibling  \"  itemscope=\"itemscope\" itemtype=\"https:\/\/schema.org\/CreativeWork\" ><div class=\"iconbox_content\"><header class=\"entry-content-header\"><div class=\"iconbox_icon heading-color\" aria-hidden='true' data-av_icon='\ue859' data-av_iconfont='entypo-fontello'  ><\/div><h3 class='iconbox_content_title  '  itemprop=\"headline\"  ><a href='https:\/\/www.grass-consulting.com\/?page_id=168' title='Sales- und Marketing-Services'  >Sales- und Marketing-Services<\/a><\/h3><\/header><div class='iconbox_content_container  '  itemprop=\"text\"  ><\/div><\/div><footer class=\"entry-footer\"><\/footer><\/article><\/div>\n<div class=\"flex_column av_one_half  flex_column_div av-zero-column-padding first  avia-builder-el-12  el_after_av_one_half  avia-builder-el-last  column-top-margin\" style='border-radius:0px; '><article  class=\"iconbox iconbox_left    avia-builder-el-13  avia-builder-el-no-sibling  \"  itemscope=\"itemscope\" itemtype=\"https:\/\/schema.org\/CreativeWork\" ><div class=\"iconbox_content\"><header class=\"entry-content-header\"><div class=\"iconbox_icon heading-color\" aria-hidden='true' data-av_icon='\ue857' data-av_iconfont='entypo-fontello'  ><\/div><h3 class='iconbox_content_title  '  itemprop=\"headline\"  ><a href='http:\/\/grass-events.com\/' title='Grass Events' target=\"_blank\" rel=\"noopener noreferrer\">Grass Events<\/a><\/h3><\/header><div class='iconbox_content_container  '  itemprop=\"text\"  ><\/div><\/div><footer class=\"entry-footer\"><\/footer><\/article><\/div>\n","protected":false},"excerpt":{"rendered":"","protected":false},"author":1,"featured_media":0,"parent":0,"menu_order":0,"comment_status":"closed","ping_status":"closed","template":"","meta":{"footnotes":""},"class_list":["post-195","page","type-page","status-publish","hentry"],"_links":{"self":[{"href":"https:\/\/www.grass-consulting.com\/index.php?rest_route=\/wp\/v2\/pages\/195","targetHints":{"allow":["GET"]}}],"collection":[{"href":"https:\/\/www.grass-consulting.com\/index.php?rest_route=\/wp\/v2\/pages"}],"about":[{"href":"https:\/\/www.grass-consulting.com\/index.php?rest_route=\/wp\/v2\/types\/page"}],"author":[{"embeddable":true,"href":"https:\/\/www.grass-consulting.com\/index.php?rest_route=\/wp\/v2\/users\/1"}],"replies":[{"embeddable":true,"href":"https:\/\/www.grass-consulting.com\/index.php?rest_route=%2Fwp%2Fv2%2Fcomments&post=195"}],"version-history":[{"count":4,"href":"https:\/\/www.grass-consulting.com\/index.php?rest_route=\/wp\/v2\/pages\/195\/revisions"}],"predecessor-version":[{"id":370,"href":"https:\/\/www.grass-consulting.com\/index.php?rest_route=\/wp\/v2\/pages\/195\/revisions\/370"}],"wp:attachment":[{"href":"https:\/\/www.grass-consulting.com\/index.php?rest_route=%2Fwp%2Fv2%2Fmedia&parent=195"}],"curies":[{"name":"wp","href":"https:\/\/api.w.org\/{rel}","templated":true}]}}