{"id":168,"date":"2018-03-20T10:42:24","date_gmt":"2018-03-20T10:42:24","guid":{"rendered":"http:\/\/www.grass-consulting.com\/?page_id=168"},"modified":"2018-05-31T10:19:56","modified_gmt":"2018-05-31T10:19:56","slug":"sales-und-marketing-services","status":"publish","type":"page","link":"https:\/\/www.grass-consulting.com\/?page_id=168","title":{"rendered":"Sales- und Marketing-Services"},"content":{"rendered":"<div   data-size='featured_large'  data-lightbox_size='large'  data-animation='slide'  data-conditional_play=''  data-ids='171'  data-video_counter='0'  data-autoplay='false'  data-bg_slider='false'  data-slide_height=''  data-handle='av_slideshow'  data-interval='5'  data-class=' avia-builder-el-0  el_before_av_heading  avia-builder-el-first  '  data-el_id=''  data-css_id=''  data-scroll_down=''  data-control_layout='av-control-default'  data-custom_markup=''  data-perma_caption=''  data-autoplay_stopper=''  data-image_attachment=''  data-min_height='0px'  data-lazy_loading='disabled'  data-default-height='42'  class='avia-slideshow avia-slideshow-1  av-control-default av-default-height-applied avia-slideshow-featured_large av_slideshow  avia-builder-el-0  el_before_av_heading  avia-builder-el-first   avia-slide-slider '  itemprop=\"image\" itemscope=\"itemscope\" itemtype=\"https:\/\/schema.org\/ImageObject\" ><ul class='avia-slideshow-inner ' style='padding-bottom: 42%;' ><li  class=' av-single-slide slide-1 ' ><div data-rel='slideshow-1' class='avia-slide-wrap '   ><img decoding=\"async\" class=\"wp-image-171 avia-img-lazy-loading-not-171\"  src=\"https:\/\/www.grass-consulting.com\/wp-content\/uploads\/2018\/03\/WIA_9520-1500x630.jpg\" width=\"1500\" height=\"630\" title='WIA_9520' alt=''  itemprop=\"thumbnailUrl\"   \/><\/div><\/li><\/ul><\/div>\n<div  style='padding-bottom:10px; ' class='av-special-heading av-special-heading-h1    avia-builder-el-1  el_after_av_slideshow  el_before_av_one_full  '><h1 class='av-special-heading-tag '  itemprop=\"headline\"  >Sales- und Marketing-Services<\/h1><div class='special-heading-border'><div class='special-heading-inner-border' ><\/div><\/div><\/div>\n<div class=\"flex_column av_one_full  flex_column_div av-zero-column-padding first  avia-builder-el-2  el_after_av_heading  el_before_av_one_full  \" style='border-radius:0px; '><section class=\"av_textblock_section \"  itemscope=\"itemscope\" itemtype=\"https:\/\/schema.org\/CreativeWork\" ><div class='avia_textblock  '   itemprop=\"text\" ><p>Traditionelle Verhaltensweisen sollten Sie hinterfragen! Sales und Marketing haben eine gemeinsame Aufgabe, und die M\u00f6glichkeiten der Social Media sowie die \u00c4nderungen im Marktverhalten Ihrer potentiellen Kunden sind bei Ihrer Go-to-Market-Strategie zu ber\u00fccksichtigen. Networking ist dabei ein nicht zu untersch\u00e4tzender Faktor \u2013 und eine Methode, die bisher wenige Unternehmen gezielt einsetzen.<\/p>\n<\/div><\/section><\/div>\n<div class=\"flex_column av_one_full  flex_column_div av-zero-column-padding first  avia-builder-el-4  el_after_av_one_full  el_before_av_heading  column-top-margin\" style='border-radius:0px; '><div   class=\"togglecontainer    avia-builder-el-5  avia-builder-el-no-sibling \" >\n<section class=\"av_toggle_section\"  itemscope=\"itemscope\" itemtype=\"https:\/\/schema.org\/CreativeWork\"  >    <div role=\"tablist\" class=\"single_toggle\" data-tags=\"{Alle} \"  >        <p data-fake-id=\"#toggle-id-1\" class=\"toggler \"  itemprop=\"headline\"    role=\"tab\" tabindex=\"0\" aria-controls=\"toggle-id-1\">Vertrieb und Marketing - k\u00fcnftig kein geschiedenes Paar<span class=\"toggle_icon\" >        <span class=\"vert_icon\"><\/span><span class=\"hor_icon\"><\/span><\/span><\/p>        <div id=\"toggle-id-1\" class=\"toggle_wrap \"   >            <div class=\"toggle_content invers-color \"  itemprop=\"text\"   ><p>Wer kennt sie nicht, die Reibereien zwischen Sales und Marketing? Und damit stehen sie ihrer gemeinsamen Aufgabe, der erfolgreichen Vermarktung des Portfolios sowie einer optimalen Kundenbetreuung, im Wege.<\/p>\n<ul>\n<li>Wie sind diese Aufgaben in Ihrem Unternehmen organisiert?<\/li>\n<li>Haben Sie Optimierungsbedarf?<\/li>\n<li>W\u00fcnschen Sie einen Blick von au\u00dfen?<\/li>\n<li>Sind Sie offen f\u00fcr Anregungen?<\/li>\n<\/ul>\n<p>Lassen Sie sich bei einem\u00a0<strong>Refresh Ihres Vermarktungsprozesses<\/strong>\u00a0unterst\u00fctzen. Meine Erfahrungen in der Prozessberatung sowie im Vertrieb und Marketing auch bei international aufgestellten Unternehmen bringe ich gern ein. Aufgabenspezifisch werde ich gegebenenfalls Partner einbeziehen.<br \/>\nWenn Sie komplexe Inhalte verst\u00e4ndlich und wirkungsvoll vermitteln wollen, lassen Sie sich von Dr. Karin Steinhage, Inhaberin der Inspirative ONE, beraten. Sie hat sich auf Multimediakonzepte f\u00fcr Unternehmen in Naturwissenschaft und Technik spezialisiert und unterst\u00fctzt Sie bei der kreativen Umsetzung Ihrer Marketingstrategien. Mit dem richtigen Mix aus Tiefgang, Emotionalit\u00e4t und technischer Akkuratesse. www.inspirative.de<\/p>\n            <\/div>        <\/div>    <\/div><\/section>\n<section class=\"av_toggle_section\"  itemscope=\"itemscope\" itemtype=\"https:\/\/schema.org\/CreativeWork\"  >    <div role=\"tablist\" class=\"single_toggle\" data-tags=\"{Alle} \"  >        <p data-fake-id=\"#toggle-id-2\" class=\"toggler \"  itemprop=\"headline\"    role=\"tab\" tabindex=\"0\" aria-controls=\"toggle-id-2\">Planung der Kommunikation<span class=\"toggle_icon\" >        <span class=\"vert_icon\"><\/span><span class=\"hor_icon\"><\/span><\/span><\/p>        <div id=\"toggle-id-2\" class=\"toggle_wrap \"   >            <div class=\"toggle_content invers-color \"  itemprop=\"text\"   ><p>Es gibt Wochen im Jahr, in denen t\u00e4glich mehrere Events angeboten werden. Klonen funktioniert nicht, die andere Arbeit stapelt sich, das Budget ist endlich. Und das sowohl bei Ihnen als auch bei Ihren Zielkunden. Sie m\u00fcssen aber gesehen werden und im Gespr\u00e4ch bleiben. Was tun?<\/p>\n<p>Speziell im Datacenter-Umfeld empfehle ich ein Relationship-Marketing, denn in diesem Bereich wird kaum ein Projekt von einem Unternehmen allein gestemmt. Und das bedeutet f\u00fcr Sie: Sie m\u00fcssen gesehen werden und im Gespr\u00e4ch bleiben.<br \/>\nZu meinen Expertisen z\u00e4hlen:<\/p>\n<ul>\n<li>Planung Ihres Event-Kalenders<\/li>\n<li>Konzeption von Veranstaltungen im Datacenter-Umfeld<\/li>\n<li>Moderation von Veranstaltungen<\/li>\n<li>Begleitung Ihrer Experten auf Events, Unterst\u00fctzung beim Networking und Training dieser Methode<\/li>\n<li>Konzepte f\u00fcr die Pr\u00e4sentation Ihrer Produkte<\/li>\n<\/ul>\n<p><strong>Kennen Sie schon die\u00a0<a href=\"http:\/\/www.grass-events.de\/\" target=\"_blank\" rel=\"noopener\">360\u00b0dcLOUNGE?\u00a0<\/a>Dies ist eines meiner Event-Formate.\u00a0<\/strong>Profitieren auch Sie von meiner Erfahrung und Kreativit\u00e4t!<\/p>\n            <\/div>        <\/div>    <\/div><\/section>\n<section class=\"av_toggle_section\"  itemscope=\"itemscope\" itemtype=\"https:\/\/schema.org\/CreativeWork\"  >    <div role=\"tablist\" class=\"single_toggle\" data-tags=\"{Alle} \"  >        <p data-fake-id=\"#toggle-id-3\" class=\"toggler \"  itemprop=\"headline\"    role=\"tab\" tabindex=\"0\" aria-controls=\"toggle-id-3\">Vertriebsorientierte Workshops und Unterlagen<span class=\"toggle_icon\" >        <span class=\"vert_icon\"><\/span><span class=\"hor_icon\"><\/span><\/span><\/p>        <div id=\"toggle-id-3\" class=\"toggle_wrap \"   >            <div class=\"toggle_content invers-color \"  itemprop=\"text\"   ><p>Rund um die Themen Outsourcing, Cloud-Services, IT-Betriebskonzepte, Datacenter-Know-how, IT-Risikomanagement, IT-Governance und Notfallplanung biete ich die Vermittlung von Fach-Know-how an \u2013 abgestimmt auf die Bed\u00fcrfnisse der Vertriebs- und Marketingmitarbeiter.\u00a0 Aus meiner Sicht ein wichtige Basis f\u00fcr den Erfolg.<br \/>\nIhre Mitarbeiter m\u00fcssen die N\u00f6te und die Sprache des Kunden verstehen, damit die Beziehung erfolgreich wird.<\/p>\n<p>Zu meinen Services z\u00e4hlen:<\/p>\n<ul>\n<li>Workshops und Trainings mit Insider-Know-how und Praxis-Tipps<\/li>\n<li>Erstellung von spezifischen Unterlagen, die Ihren Mitarbeitern einen Wettbewerbsvorteil bieten<\/li>\n<\/ul>\n<p><strong>Vermissen Sie einen Sales- und Marketing-Service?<\/strong><br \/>\nDann sprechen Sie mich doch bitte an. Grunds\u00e4tzlich biete ich meine Expertise umf\u00e4nglich an. Ausgenommen sind exklusive Sales-Aufgaben f\u00fcr ein Unternehmen.<\/p>\n            <\/div>        <\/div>    <\/div><\/section>\n<\/div><\/div>\n<div  style='padding-bottom:10px; color:#00686c;' class='av-special-heading av-special-heading-h3 custom-color-heading   avia-builder-el-6  el_after_av_one_full  el_before_av_hr  '><h3 class='av-special-heading-tag '  itemprop=\"headline\"  >Weitere Leistungen<\/h3><div class='special-heading-border'><div class='special-heading-inner-border' style='border-color:#00686c'><\/div><\/div><\/div>\n<div  style='height:50px' class='hr hr-invisible   avia-builder-el-7  el_after_av_heading  el_before_av_one_half '><span class='hr-inner ' ><span class='hr-inner-style'><\/span><\/span><\/div>\n<div class=\"flex_column av_one_half  flex_column_div av-zero-column-padding first  avia-builder-el-8  el_after_av_hr  el_before_av_one_half  \" style='border-radius:0px; '><article  class=\"iconbox iconbox_left    avia-builder-el-9  avia-builder-el-no-sibling  \"  itemscope=\"itemscope\" itemtype=\"https:\/\/schema.org\/CreativeWork\" ><div class=\"iconbox_content\"><header class=\"entry-content-header\"><div class=\"iconbox_icon heading-color\" aria-hidden='true' data-av_icon='\ue83c' data-av_iconfont='entypo-fontello'  ><\/div><h3 class='iconbox_content_title  '  itemprop=\"headline\"  ><a href='https:\/\/www.grass-consulting.com\/?page_id=199' title='Consulting'  >Consulting<\/a><\/h3><\/header><div class='iconbox_content_container  '  itemprop=\"text\"  ><\/div><\/div><footer class=\"entry-footer\"><\/footer><\/article><\/div>\n<div class=\"flex_column av_one_half  flex_column_div av-zero-column-padding   avia-builder-el-10  el_after_av_one_half  el_before_av_one_half  \" style='border-radius:0px; '><article  class=\"iconbox iconbox_left    avia-builder-el-11  avia-builder-el-no-sibling  \"  itemscope=\"itemscope\" itemtype=\"https:\/\/schema.org\/CreativeWork\" ><div class=\"iconbox_content\"><header class=\"entry-content-header\"><div class=\"iconbox_icon heading-color\" aria-hidden='true' data-av_icon='\ue8c7' data-av_iconfont='entypo-fontello'  ><\/div><h3 class='iconbox_content_title  '  itemprop=\"headline\"  ><a href='https:\/\/www.grass-consulting.com\/?page_id=195' title='Business Development'  >Business Development<\/a><\/h3><\/header><div class='iconbox_content_container  '  itemprop=\"text\"  ><\/div><\/div><footer class=\"entry-footer\"><\/footer><\/article><\/div>\n<div class=\"flex_column av_one_half  flex_column_div av-zero-column-padding first  avia-builder-el-12  el_after_av_one_half  avia-builder-el-last  column-top-margin\" style='border-radius:0px; '><article  class=\"iconbox iconbox_left    avia-builder-el-13  avia-builder-el-no-sibling  \"  itemscope=\"itemscope\" itemtype=\"https:\/\/schema.org\/CreativeWork\" ><div class=\"iconbox_content\"><header class=\"entry-content-header\"><div class=\"iconbox_icon heading-color\" aria-hidden='true' data-av_icon='\ue857' data-av_iconfont='entypo-fontello'  ><\/div><h3 class='iconbox_content_title  '  itemprop=\"headline\"  ><a href='http:\/\/grass-events.com\/' title='Grass Events'  >Grass Events<\/a><\/h3><\/header><div class='iconbox_content_container  '  itemprop=\"text\"  ><\/div><\/div><footer class=\"entry-footer\"><\/footer><\/article><\/div>\n","protected":false},"excerpt":{"rendered":"","protected":false},"author":1,"featured_media":0,"parent":0,"menu_order":0,"comment_status":"closed","ping_status":"closed","template":"","meta":{"footnotes":""},"class_list":["post-168","page","type-page","status-publish","hentry"],"_links":{"self":[{"href":"https:\/\/www.grass-consulting.com\/index.php?rest_route=\/wp\/v2\/pages\/168","targetHints":{"allow":["GET"]}}],"collection":[{"href":"https:\/\/www.grass-consulting.com\/index.php?rest_route=\/wp\/v2\/pages"}],"about":[{"href":"https:\/\/www.grass-consulting.com\/index.php?rest_route=\/wp\/v2\/types\/page"}],"author":[{"embeddable":true,"href":"https:\/\/www.grass-consulting.com\/index.php?rest_route=\/wp\/v2\/users\/1"}],"replies":[{"embeddable":true,"href":"https:\/\/www.grass-consulting.com\/index.php?rest_route=%2Fwp%2Fv2%2Fcomments&post=168"}],"version-history":[{"count":24,"href":"https:\/\/www.grass-consulting.com\/index.php?rest_route=\/wp\/v2\/pages\/168\/revisions"}],"predecessor-version":[{"id":274,"href":"https:\/\/www.grass-consulting.com\/index.php?rest_route=\/wp\/v2\/pages\/168\/revisions\/274"}],"wp:attachment":[{"href":"https:\/\/www.grass-consulting.com\/index.php?rest_route=%2Fwp%2Fv2%2Fmedia&parent=168"}],"curies":[{"name":"wp","href":"https:\/\/api.w.org\/{rel}","templated":true}]}}