{"id":126,"date":"2016-02-17T13:42:08","date_gmt":"2016-02-17T13:42:08","guid":{"rendered":"http:\/\/test.kriesi.at\/consulting\/?page_id=9"},"modified":"2021-05-10T11:31:51","modified_gmt":"2021-05-10T11:31:51","slug":"welcome","status":"publish","type":"page","link":"https:\/\/www.grass-consulting.com\/","title":{"rendered":"Startseite"},"content":{"rendered":"<div id='full_slider_1'  class='avia-fullwidth-slider main_color avia-shadow   avia-builder-el-0  el_before_av_heading  avia-builder-el-first   container_wrap fullsize' style=' '  ><div   data-size='no scaling'  data-lightbox_size='large'  data-animation='fade'  data-conditional_play=''  data-ids='145,147,148'  data-video_counter='0'  data-autoplay='false'  data-bg_slider='false'  data-slide_height=''  data-handle='av_slideshow_full'  data-interval='5'  data-class=' image_no_stretch'  data-el_id=''  data-css_id=''  data-scroll_down=''  data-control_layout='av-control-default'  data-custom_markup=''  data-perma_caption=''  data-autoplay_stopper=''  data-image_attachment=''  data-min_height='0px'  data-lazy_loading='disabled'  data-src=''  data-position='top left'  data-repeat='no-repeat'  data-attach='scroll'  data-stretch='image_no_stretch'  class='avia-slideshow avia-slideshow-1  av-control-default av-default-height-applied avia-slideshow-no scaling av_slideshow_full  image_no_stretch avia-fade-slider '  itemprop=\"image\" itemscope=\"itemscope\" itemtype=\"https:\/\/schema.org\/ImageObject\" ><ul class='avia-slideshow-inner ' style='padding-bottom: 66.755319148936%;' ><li  class=' slide-1 ' ><div data-rel='slideshow-1' class='avia-slide-wrap '   ><div class = \"caption_fullwidth av-slideshow-caption caption_right caption_right_framed caption_framed\"><div class = \"container caption_container\"><div class = \"slideshow_caption\"><div class = \"slideshow_inner_caption\"><div class = \"slideshow_align_caption\"><h2  style='font-size:35px; ' class='avia-caption-title  '  itemprop=\"name\" >Herzlich Willkommen bei Gra\u00df Consulting<\/h2><\/div><\/div><\/div><\/div><\/div><img decoding=\"async\" class=\"wp-image-145 avia-img-lazy-loading-not-145\"  src=\"https:\/\/www.grass-consulting.com\/wp-content\/uploads\/2018\/03\/WIA_9564.jpg\" width=\"6016\" height=\"4016\" title='WIA_9564' alt=''  itemprop=\"thumbnailUrl\" srcset=\"https:\/\/www.grass-consulting.com\/wp-content\/uploads\/2018\/03\/WIA_9564.jpg 6016w, https:\/\/www.grass-consulting.com\/wp-content\/uploads\/2018\/03\/WIA_9564-300x200.jpg 300w, https:\/\/www.grass-consulting.com\/wp-content\/uploads\/2018\/03\/WIA_9564-768x513.jpg 768w, https:\/\/www.grass-consulting.com\/wp-content\/uploads\/2018\/03\/WIA_9564-1030x688.jpg 1030w, https:\/\/www.grass-consulting.com\/wp-content\/uploads\/2018\/03\/WIA_9564-1500x1001.jpg 1500w, https:\/\/www.grass-consulting.com\/wp-content\/uploads\/2018\/03\/WIA_9564-705x471.jpg 705w, https:\/\/www.grass-consulting.com\/wp-content\/uploads\/2018\/03\/WIA_9564-450x300.jpg 450w\" sizes=\"(max-width: 6016px) 100vw, 6016px\" \/><\/div><\/li><li  class=' slide-2 ' ><div data-rel='slideshow-1' class='avia-slide-wrap '   ><div class = \"caption_fullwidth av-slideshow-caption caption_right caption_right_framed caption_framed\"><div class = \"container caption_container\"><div class = \"slideshow_caption\"><div class = \"slideshow_inner_caption\"><div class = \"slideshow_align_caption\"><h2  class='avia-caption-title  '  itemprop=\"name\" >Nehmen Sie Kontakt mit mir auf<\/h2><br\/><a href='https:\/\/www.grass-consulting.com\/?page_id=214'  class='avia-slideshow-button avia-button avia-color-light ' data-duration='800' data-easing='easeInOutQuad'>Kontakt<\/a><\/div><\/div><\/div><\/div><\/div><img decoding=\"async\" class=\"wp-image-147 avia-img-lazy-loading-not-147\"  src=\"https:\/\/www.grass-consulting.com\/wp-content\/uploads\/2018\/03\/WIA_9316.jpg\" width=\"5957\" height=\"3976\" title='WIA_9316' alt=''  itemprop=\"thumbnailUrl\" srcset=\"https:\/\/www.grass-consulting.com\/wp-content\/uploads\/2018\/03\/WIA_9316.jpg 5957w, https:\/\/www.grass-consulting.com\/wp-content\/uploads\/2018\/03\/WIA_9316-300x200.jpg 300w, https:\/\/www.grass-consulting.com\/wp-content\/uploads\/2018\/03\/WIA_9316-768x513.jpg 768w, https:\/\/www.grass-consulting.com\/wp-content\/uploads\/2018\/03\/WIA_9316-1030x687.jpg 1030w, https:\/\/www.grass-consulting.com\/wp-content\/uploads\/2018\/03\/WIA_9316-1500x1001.jpg 1500w, https:\/\/www.grass-consulting.com\/wp-content\/uploads\/2018\/03\/WIA_9316-705x471.jpg 705w, https:\/\/www.grass-consulting.com\/wp-content\/uploads\/2018\/03\/WIA_9316-450x300.jpg 450w\" sizes=\"(max-width: 5957px) 100vw, 5957px\" \/><\/div><\/li><li  class=' slide-3 ' ><div data-rel='slideshow-1' class='avia-slide-wrap '   ><div class = \"caption_fullwidth av-slideshow-caption caption_right caption_right_framed caption_framed\"><div class = \"container caption_container\"><div class = \"slideshow_caption\"><div class = \"slideshow_inner_caption\"><div class = \"slideshow_align_caption\"><h2  class='avia-caption-title  '  itemprop=\"name\" >Machen Sie sich ein Bild \u00fcber meine Leistungen<\/h2><br\/><a href='https:\/\/www.grass-consulting.com\/?page_id=246'  class='avia-slideshow-button avia-button avia-color-light ' data-duration='800' data-easing='easeInOutQuad'>Leistungen<\/a><\/div><\/div><\/div><\/div><\/div><img decoding=\"async\" class=\"wp-image-148 avia-img-lazy-loading-not-148\"  src=\"https:\/\/www.grass-consulting.com\/wp-content\/uploads\/2018\/03\/WIA_9475.jpg\" width=\"5965\" height=\"3982\" title='WIA_9475' alt=''  itemprop=\"thumbnailUrl\" srcset=\"https:\/\/www.grass-consulting.com\/wp-content\/uploads\/2018\/03\/WIA_9475.jpg 5965w, https:\/\/www.grass-consulting.com\/wp-content\/uploads\/2018\/03\/WIA_9475-300x200.jpg 300w, https:\/\/www.grass-consulting.com\/wp-content\/uploads\/2018\/03\/WIA_9475-768x513.jpg 768w, https:\/\/www.grass-consulting.com\/wp-content\/uploads\/2018\/03\/WIA_9475-1030x688.jpg 1030w, https:\/\/www.grass-consulting.com\/wp-content\/uploads\/2018\/03\/WIA_9475-1500x1001.jpg 1500w, https:\/\/www.grass-consulting.com\/wp-content\/uploads\/2018\/03\/WIA_9475-705x471.jpg 705w, https:\/\/www.grass-consulting.com\/wp-content\/uploads\/2018\/03\/WIA_9475-450x300.jpg 450w\" sizes=\"(max-width: 5965px) 100vw, 5965px\" \/><\/div><\/li><\/ul><div class='avia-slideshow-arrows avia-slideshow-controls'><a href='#prev' class='prev-slide' aria-hidden='true' data-av_icon='\ue87c' data-av_iconfont='entypo-fontello'>Zur\u00fcck<\/a><a href='#next' class='next-slide' aria-hidden='true' data-av_icon='\ue87d' data-av_iconfont='entypo-fontello'>Weiter<\/a><\/div><div class='avia-slideshow-dots avia-slideshow-controls'><a href='#1' class='goto-slide active' >1<\/a><a href='#2' class='goto-slide ' >2<\/a><a href='#3' class='goto-slide ' >3<\/a><\/div><\/div><\/div><div id='after_full_slider_1'  class='main_color av_default_container_wrap container_wrap fullsize' style=' '  ><div class='container' ><div class='template-page content  av-content-full alpha units'><div class='post-entry post-entry-type-page post-entry-126'><div class='entry-content-wrapper clearfix'>\n<div  style='padding-bottom:10px; ' class='av-special-heading av-special-heading-h3    avia-builder-el-1  el_after_av_slideshow_full  el_before_av_textblock  avia-builder-el-first  '><h3 class='av-special-heading-tag '  itemprop=\"headline\"  >Aus dem Blog<\/h3><div class='special-heading-border'><div class='special-heading-inner-border' ><\/div><\/div><\/div>\n<section class=\"av_textblock_section \"  itemscope=\"itemscope\" itemtype=\"https:\/\/schema.org\/CreativeWork\" ><div class='avia_textblock  '   itemprop=\"text\" ><p><strong>DC-Expertentour ins DC-3-Experten-Eck &#8211; Sustainable f\u00fcr die DC!<\/strong><\/p>\n<p>Corona und Lockdown zum Trotz haben sich <em>Lars Bennefeld<\/em>, ENGIE, <em>Karsten Uredat<\/em>, S|P|DC, <em>Gerd K\u00f6nig<\/em>, Huber+Suhner, <em>J\u00fcrgen Martin<\/em>, ENGIE Refrigeration und <em>Andrea Wagner<\/em>, Viavi Solutions mit mir on-tour in das DC-3-Experten-Eck Lindau [<a href=\"https:\/\/www.engie-refrigeration.de\/de\">ENGIE Refrigeration<\/a>] \u2013 Friedrichshafen [<a href=\"https:\/\/www.mtu-solutions.com\/eu\/de\/about-us\/about-rolls-royce-power-systems.html\">MTU<\/a>] \u2013 Herisau [<a href=\"https:\/\/www.hubersuhner.com\/de\">Huber+Suhner<\/a>] begeben, um unter und mit Experten Innovationen, nachhaltige Ans\u00e4tze, Zusammenwirken der Gewerke und k\u00fcnftige Zusammenarbeit zu diskutieren. Sustainability \u2013 Nachhaltigkeit im und f\u00fcr die Datacenter war das Fokusthema aller Gespr\u00e4che.<\/p>\n<p>Hans- Thomas Ober und Thomas Heinke haben uns die M\u00f6glichkeiten aufgezeigt mit <strong><a href=\"https:\/\/www.eoptimum.de\/?utm_source=ca_brand&#038;utm_medium=az_brand&#038;utm_campaign=bingads&#038;msclkid=4229a24768c31e53f0b3c2df84028a26\">e.optimum<\/a><\/strong> eine wirtschaftliche Alternative der Strombeschaffung f\u00fcr die Rechenzentren, sowie eine kosteng\u00fcnstige Baustromvariante zu beziehen.<\/p>\n<p>Bei <strong>ENGIE<\/strong> konnten wir einen Blick auf die neue <a href=\"https:\/\/www.engie-deutschland.de\/de\/media\/pressemitteilungen\/details\/neuer-quantum-water-fuer-hoechste-effizienz-engie-refrigeration\">Quantum Water <\/a>werfen, die genau an diesem Tag auch \u00f6ffentlich angek\u00fcndigt wurde und mit Jochen Hornung, Daniel Keller, J\u00fcrgen Martin und Dirk Meyer k\u00fcnftige Szenarien und Ans\u00e4tze diskutieren.<\/p>\n<p>Tobias Bertler und Armin F\u00fcrderer von <strong>MTU<\/strong> haben uns die Vorstellungen, Ans\u00e4tze und Vorhaben des neuen Bereichs <em>Sustainable Power Solutions<\/em> vorgestellt und uns die M\u00f6glichkeit gegeben, einen Blick in den Batterie-Container sowie die Brennstoffzelle zu werfen.<\/p>\n<p>Spannend war nicht nur die Grenz\u00fcberschreitung, sondern auch die vielf\u00e4ltigen L\u00f6sungen bei <strong>Huber+Suhner<\/strong> f\u00fcr Datacenter. Danke an Urs Ryffel, Andreas Sila und Oliver Weicker f\u00fcr den offenen Gedankenaustausch. Wir haben alle mitgenommen, dass die Thematik \u201eDatenverkabelung in DC\u201c bereits in den ersten Planungsphasen opportun ist.<\/p>\n<p>Viavi Solutions bietet diverse Werkzeuge, um Ausfallzeiten zu meiden, pr\u00e4ventiv St\u00f6rungen zu eruieren, u.a.m. Am besten direkt mit Andrea Wagner Kontakt aufnehmen.<\/p>\n<p>Last but not least \u2013 seit der <a href=\"http:\/\/grass-events.com\/events\/360-dclounge\/catch_the_heat\/\">360\u00b0dcLounge @ Catch the Heat<\/a> vom 27.-29.09.2017 wurde sowohl bei ENGIE als auch bei MTU viel F&#038;E geleistet, um das Ziel \u201eNutzung der W\u00e4rme\u201c zu erreichen und es muss und wird noch weitergehen, um Sustainable Datacenter planen, bauen und betreiben zu k\u00f6nnen.<\/p>\n<p>Ich erwarte nun eine Dynamik!<\/p>\n<p><img loading=\"lazy\" decoding=\"async\" class=\"alignnone wp-image-397 size-large\" src=\"http:\/\/www.grass-consulting.com\/wp-content\/uploads\/2021\/05\/Summary_DC-Expertentour-1030x579.jpg\" alt=\"\" width=\"1030\" height=\"579\" srcset=\"https:\/\/www.grass-consulting.com\/wp-content\/uploads\/2021\/05\/Summary_DC-Expertentour-1030x579.jpg 1030w, https:\/\/www.grass-consulting.com\/wp-content\/uploads\/2021\/05\/Summary_DC-Expertentour-300x169.jpg 300w, https:\/\/www.grass-consulting.com\/wp-content\/uploads\/2021\/05\/Summary_DC-Expertentour-768x432.jpg 768w, https:\/\/www.grass-consulting.com\/wp-content\/uploads\/2021\/05\/Summary_DC-Expertentour-705x397.jpg 705w, https:\/\/www.grass-consulting.com\/wp-content\/uploads\/2021\/05\/Summary_DC-Expertentour.jpg 1280w\" sizes=\"auto, (max-width: 1030px) 100vw, 1030px\" \/><\/p>\n<\/div><\/section>\n<section class=\"av_textblock_section \"  itemscope=\"itemscope\" itemtype=\"https:\/\/schema.org\/CreativeWork\" ><div class='avia_textblock  '   itemprop=\"text\" ><p><strong>Holismus f\u00fcr klimaneutrale Datacenter<\/strong><\/p>\n<p><em>Nachhaltige<\/em>, <em>CO2-arme<\/em> und <em>zukunftsweisende Datacenter<\/em> sind Themen, die mich aktuell besch\u00e4ftigen. Die Firma ENGIE hatte mich gebeten, einen <a href=\"https:\/\/www.engie-deutschland.de\/de\/magazin\/holismus-fuer-klimaneutrale-datacenter\">Gastbeitrag<\/a> f\u00fcr das ENGIE-Magazin f\u00fcr Klimaneutralit\u00e4t zu schreiben.<\/p>\n<p>Mein Fazit:\u00a0Der Pakt f\u00fcr klimaneutrale Datacenter erfordert Holismus \u2013 wir m\u00fcssen alle Eigenschaften und den Life-Cycle von Datacentern gesamtheitlich betrachten und nicht nur als Zusammensetzung einzelner Teile.<\/p>\n<p>Wie ist Ihr Fazit? Welche Anforderungen sehen Sie f\u00fcr Datacenter auf dem Weg zur Klimaneutralit\u00e4t? Ich freue mich auf einen Austausch mit Ihnen.<\/p>\n<\/div><\/section>\n","protected":false},"excerpt":{"rendered":"","protected":false},"author":1,"featured_media":0,"parent":0,"menu_order":0,"comment_status":"closed","ping_status":"closed","template":"","meta":{"footnotes":""},"class_list":["post-126","page","type-page","status-publish","hentry"],"_links":{"self":[{"href":"https:\/\/www.grass-consulting.com\/index.php?rest_route=\/wp\/v2\/pages\/126","targetHints":{"allow":["GET"]}}],"collection":[{"href":"https:\/\/www.grass-consulting.com\/index.php?rest_route=\/wp\/v2\/pages"}],"about":[{"href":"https:\/\/www.grass-consulting.com\/index.php?rest_route=\/wp\/v2\/types\/page"}],"author":[{"embeddable":true,"href":"https:\/\/www.grass-consulting.com\/index.php?rest_route=\/wp\/v2\/users\/1"}],"replies":[{"embeddable":true,"href":"https:\/\/www.grass-consulting.com\/index.php?rest_route=%2Fwp%2Fv2%2Fcomments&post=126"}],"version-history":[{"count":34,"href":"https:\/\/www.grass-consulting.com\/index.php?rest_route=\/wp\/v2\/pages\/126\/revisions"}],"predecessor-version":[{"id":401,"href":"https:\/\/www.grass-consulting.com\/index.php?rest_route=\/wp\/v2\/pages\/126\/revisions\/401"}],"wp:attachment":[{"href":"https:\/\/www.grass-consulting.com\/index.php?rest_route=%2Fwp%2Fv2%2Fmedia&parent=126"}],"curies":[{"name":"wp","href":"https:\/\/api.w.org\/{rel}","templated":true}]}}